{"id":94,"date":"2023-04-18T11:49:02","date_gmt":"2023-04-18T09:49:02","guid":{"rendered":"https:\/\/e-zfk.pl\/shop\/bez-kategorii\/balance-ekostone-grunt-10kg-bialy\/"},"modified":"2023-06-20T14:26:19","modified_gmt":"2023-06-20T12:26:19","slug":"balance-ekostone-grunt-10kg-bialy","status":"publish","type":"product","link":"https:\/\/e-zfk.pl\/de\/shop\/materialy-budowlane\/bolix\/balance-ekostone-grunt-10kg-bialy\/","title":{"rendered":"BALANCE EKOSTONE GRUNDIERUNG 10KG - WEISS"},"content":{"rendered":"<ul>\n<li>Erzeugt eine leicht raue Schicht auf der grundierten Oberfl\u00e4che<\/li>\n<li>Verringert und homogenisiert die Saugf\u00e4higkeit des Substrats<\/li>\n<li>Verbessert die Haftung des Putzes auf dem Untergrund<\/li>\n<li>Sch\u00fctzt die grundierte Oberfl\u00e4che vor den sch\u00e4dlichen Auswirkungen von Feuchtigkeit<\/li>\n<li>Eliminiert die M\u00f6glichkeit von Flecken<\/li>\n<li>Einfaches und schnelles Ausmalen <strong>22 Farben<\/strong> aus der Balance-Farbpalette<\/li>\n<li><a href=\"https:\/\/e-zfk.pl\/wp-content\/uploads\/2023\/04\/url-1.pdf\">PRODUKTKARTE<\/a><\/li>\n<\/ul>","protected":false},"excerpt":{"rendered":"<p>GRUNT<\/p>","protected":false},"featured_media":1342,"comment_status":"closed","ping_status":"closed","template":"","meta":{"om_disable_all_campaigns":false,"inline_featured_image":false,"_monsterinsights_skip_tracking":false,"_monsterinsights_sitenote_active":false,"_monsterinsights_sitenote_note":"","_monsterinsights_sitenote_category":0,"_uf_show_specific_survey":0,"_uf_disable_surveys":false},"product_cat":[69,15],"product_tag":[],"class_list":["post-94","product","type-product","status-publish","has-post-thumbnail","hentry","product_cat-bolix","product_cat-materialy-budowlane"],"aioseo_notices":[],"_links":{"self":[{"href":"https:\/\/e-zfk.pl\/de\/wp-json\/wp\/v2\/product\/94","targetHints":{"allow":["GET"]}}],"collection":[{"href":"https:\/\/e-zfk.pl\/de\/wp-json\/wp\/v2\/product"}],"about":[{"href":"https:\/\/e-zfk.pl\/de\/wp-json\/wp\/v2\/types\/product"}],"replies":[{"embeddable":true,"href":"https:\/\/e-zfk.pl\/de\/wp-json\/wp\/v2\/comments?post=94"}],"wp:featuredmedia":[{"embeddable":true,"href":"https:\/\/e-zfk.pl\/de\/wp-json\/wp\/v2\/media\/1342"}],"wp:attachment":[{"href":"https:\/\/e-zfk.pl\/de\/wp-json\/wp\/v2\/media?parent=94"}],"wp:term":[{"taxonomy":"product_cat","embeddable":true,"href":"https:\/\/e-zfk.pl\/de\/wp-json\/wp\/v2\/product_cat?post=94"},{"taxonomy":"product_tag","embeddable":true,"href":"https:\/\/e-zfk.pl\/de\/wp-json\/wp\/v2\/product_tag?post=94"}],"curies":[{"name":"wp","href":"https:\/\/api.w.org\/{rel}","templated":true}]}}