{"id":95,"date":"2023-04-18T11:49:04","date_gmt":"2023-04-18T09:49:04","guid":{"rendered":"https:\/\/e-zfk.pl\/shop\/bez-kategorii\/baza-bolix-30-ac5-ceramic-95l\/"},"modified":"2023-06-20T14:20:47","modified_gmt":"2023-06-20T12:20:47","slug":"baza-bolix-30-ac5-ceramic-95l","status":"publish","type":"product","link":"https:\/\/e-zfk.pl\/de\/shop\/materialy-budowlane\/bolix\/baza-bolix-30-ac5-ceramic-95l\/","title":{"rendered":"BASIS BOLIX 30 AC5 KERAMIK 9,5L"},"content":{"rendered":"<h3>Eigenschaften<\/h3>\n<p>- h\u00f6chste Widerstandsf\u00e4higkeit gegen nasses Schrubben - Klasse 1, f\u00fcr Bereiche, die regelm\u00e4\u00dfig gereinigt werden m\u00fcssen<br \/>\n- sehr hohe Deckkraft (Qualit\u00e4tsabdeckung - Klasse 1)<br \/>\n- wasserbasiert und geruchsneutral - vernachl\u00e4ssigbarer VOC-Gehalt (VOC&lt;1,7 g\/l)<br \/>\n- sehr starke Mattierung, keine Reflexion<br \/>\n- hinterl\u00e4sst nach dem Waschen keine gl\u00e4nzende Oberfl\u00e4che<br \/>\n- enth\u00e4lt einen keramischen F\u00fcllstoff, der der Beschichtung eine hohe mechanische Festigkeit verleiht<br \/>\n- hohe Leistung - bis zu 14 m2 aus 1 Liter Farbe<br \/>\n- Langlebige und attraktive Farben in NCS-Farben<\/p>\n<p><a href=\"https:\/\/e-zfk.pl\/wp-content\/uploads\/2023\/04\/1c43a402a3f497fe4b8186feaf2d5f8652416789.pdf\">PRODUKTKARTE<\/a><\/p>","protected":false},"excerpt":{"rendered":"<p>Latexfarbe f\u00fcr W\u00e4nde und Decken<\/p>","protected":false},"featured_media":1346,"comment_status":"closed","ping_status":"closed","template":"","meta":{"om_disable_all_campaigns":false,"inline_featured_image":false,"_monsterinsights_skip_tracking":false,"_monsterinsights_sitenote_active":false,"_monsterinsights_sitenote_note":"","_monsterinsights_sitenote_category":0,"_uf_show_specific_survey":0,"_uf_disable_surveys":false},"product_cat":[69,15],"product_tag":[],"class_list":["post-95","product","type-product","status-publish","has-post-thumbnail","hentry","product_cat-bolix","product_cat-materialy-budowlane"],"aioseo_notices":[],"_links":{"self":[{"href":"https:\/\/e-zfk.pl\/de\/wp-json\/wp\/v2\/product\/95","targetHints":{"allow":["GET"]}}],"collection":[{"href":"https:\/\/e-zfk.pl\/de\/wp-json\/wp\/v2\/product"}],"about":[{"href":"https:\/\/e-zfk.pl\/de\/wp-json\/wp\/v2\/types\/product"}],"replies":[{"embeddable":true,"href":"https:\/\/e-zfk.pl\/de\/wp-json\/wp\/v2\/comments?post=95"}],"wp:featuredmedia":[{"embeddable":true,"href":"https:\/\/e-zfk.pl\/de\/wp-json\/wp\/v2\/media\/1346"}],"wp:attachment":[{"href":"https:\/\/e-zfk.pl\/de\/wp-json\/wp\/v2\/media?parent=95"}],"wp:term":[{"taxonomy":"product_cat","embeddable":true,"href":"https:\/\/e-zfk.pl\/de\/wp-json\/wp\/v2\/product_cat?post=95"},{"taxonomy":"product_tag","embeddable":true,"href":"https:\/\/e-zfk.pl\/de\/wp-json\/wp\/v2\/product_tag?post=95"}],"curies":[{"name":"wp","href":"https:\/\/api.w.org\/{rel}","templated":true}]}}